{"id":1972,"date":"2021-11-29T09:44:22","date_gmt":"2021-11-29T08:44:22","guid":{"rendered":"https:\/\/start-ni-mitte.de\/imprint\/"},"modified":"2024-06-04T10:38:38","modified_gmt":"2024-06-04T08:38:38","slug":"imprint","status":"publish","type":"page","link":"https:\/\/start-ni-mitte.de\/en\/imprint\/","title":{"rendered":"Imprint"},"content":{"rendered":"<h1><\/h1>\n<p>&nbsp;<\/p>\n<h1>Imprint<\/h1>\n<p>Regional Transport Start Germany GmbH<br \/>\nStart Lower Saxony Center<br \/>\nAt the station 16<br \/>\n29614 Soltau<\/p>\n<p>Phone: 05191-8030904<br \/>\nE-mail: kontakt@start-NI-mitte.de<\/p>\n<p>&nbsp;<\/p>\n<p>Represented by: Dirk Bartels, Alexander Falkenmeier, Andreas Best<\/p>\n<p>VAT ID: DE311357776 | Register and register number: Register Court Frankfurt am Main; HRB 120941<\/p>\n<p>Supervisory authority<br \/>\nFederal Railway Authority<br \/>\nHeinemannstrasse 6<br \/>\n53175 Bonn<\/p>\n<p>Concept, Design &amp; Programming<br \/>\nImpulse 1 GmbH<br \/>\n<a href=\"https:\/\/www.impuls1.de\/internetagentur-hannover\">Internet Agency Hannover<\/a> | www.impuls1.de\/<\/p>\n<p>Images<br \/>\na. Start Lower Saxony Center<\/p>\n<p>&nbsp;<\/p>\n<h1>ARBITRATION<\/h1>\n<p>We participate in the conciliation procedure of the conciliation board for public passenger transport (s\u00f6p). If you are not satisfied with our handling of your concern, you can submit a <a href=\"https:\/\/soep-online.de\/ihre-beschwerde\/\" target=\"_blank\" rel=\"noopener\">conciliation request to<\/a> the independent conciliation body s\u00f6p (s\u00f6p, Fasanenstra\u00dfe 81, 10623 Berlin, <a href=\"http:\/\/www.soep-berlin.de\/\" target=\"_blank\" rel=\"noopener\">www.soep-berlin.de)<\/a>.<\/p>\n","protected":false},"excerpt":{"rendered":"<p>&nbsp; Imprint Regional Transport Start Germany GmbH Start Lower Saxony Center At the station 16 29614 Soltau Phone: 05191-8030904 E-mail: [&hellip;]<\/p>\n","protected":false},"author":1,"featured_media":0,"parent":0,"menu_order":0,"comment_status":"closed","ping_status":"closed","template":"","meta":{"_acf_changed":false,"footnotes":"","_links_to":"","_links_to_target":""},"class_list":["post-1972","page","type-page","status-publish","hentry"],"acf":[],"_links":{"self":[{"href":"https:\/\/start-ni-mitte.de\/en\/wp-json\/wp\/v2\/pages\/1972","targetHints":{"allow":["GET"]}}],"collection":[{"href":"https:\/\/start-ni-mitte.de\/en\/wp-json\/wp\/v2\/pages"}],"about":[{"href":"https:\/\/start-ni-mitte.de\/en\/wp-json\/wp\/v2\/types\/page"}],"author":[{"embeddable":true,"href":"https:\/\/start-ni-mitte.de\/en\/wp-json\/wp\/v2\/users\/1"}],"replies":[{"embeddable":true,"href":"https:\/\/start-ni-mitte.de\/en\/wp-json\/wp\/v2\/comments?post=1972"}],"version-history":[{"count":2,"href":"https:\/\/start-ni-mitte.de\/en\/wp-json\/wp\/v2\/pages\/1972\/revisions"}],"predecessor-version":[{"id":6545,"href":"https:\/\/start-ni-mitte.de\/en\/wp-json\/wp\/v2\/pages\/1972\/revisions\/6545"}],"wp:attachment":[{"href":"https:\/\/start-ni-mitte.de\/en\/wp-json\/wp\/v2\/media?parent=1972"}],"curies":[{"name":"wp","href":"https:\/\/api.w.org\/{rel}","templated":true}]}}