{"id":2022,"date":"2021-11-01T13:14:38","date_gmt":"2021-11-01T12:14:38","guid":{"rendered":"https:\/\/start-ni-mitte.de\/tickets-and-tariffs\/tickets\/"},"modified":"2026-02-19T13:26:05","modified_gmt":"2026-02-19T12:26:05","slug":"tickets","status":"publish","type":"page","link":"https:\/\/start-ni-mitte.de\/en\/tickets-and-tariffs\/tickets\/","title":{"rendered":"Tickets"},"content":{"rendered":"<p>[vc_row][vc_column][deutb_generalheading title=&#8221;Fahrkarten:&#8221; grey_background=&#8221;No&#8221;]Egal, wann und wohin du mit uns unterwegs bist, wir bieten dir immer das passende Ticket f\u00fcr deine Fahrt an. Auch bei uns gilt: \u201eEinstieg nur mit g\u00fcltigem Fahrschein\u201c. Bitte kauf dir dein Ticket vor Fahrtantritt, in unseren Z\u00fcgen findet kein Verkauf statt.<\/p>\n<p>Und diese Tickets kannst du bei uns \u00fcber viele verschiedene Wege bekommen: Damit wir den Fahrkartenkauf f\u00fcr dich so einfach wie m\u00f6glich gestalten k\u00f6nnen, findest du an jeder Station mindestens einen Fahrkartenautomaten.<\/p>\n<p>Nat\u00fcrlich kannst du deine Fahrt auch bei uns \u00fcber die Reiseauskunft online ausw\u00e4hlen und dann bei bahn.de oder \u00fcber die App DB Navigator oder die FahrPlaner-App kaufen. Wir begr\u00fc\u00dfen dich aber auch gerne in einer unserer vielen Verkaufsstellen.[\/deutb_generalheading][deutb_generalheading title=&#8221;F\u00fcr die Linien RB 37 und RB 38&#8243; grey_background=&#8221;No&#8221;]<strong>RB 37 &amp; RB 38<\/strong><\/p>\n<p>Auch im Heidekreuz zwischen Bremen und Uelzen sowie zwischen Buchholz und Hannover verkehren wir durch verschiedene Verkehrsverb\u00fcnde.<\/p>\n<ul>\n<li>Auf der RB 37 gilt zwischen Bremen und Visselh\u00f6vede der <strong><span style=\"color: #99cc00;\"><a style=\"color: #99cc00;\" href=\"http:\/\/www.vbn.de\/\" target=\"_blank\" rel=\"noopener\">VBN<\/a><\/span><\/strong>.<\/li>\n<li>Auf der RB 38 zwischen Buchholz und Soltau und auf der RB 37 zwischen Soltau und Munster gelten die Tarifbestimmungen des <strong><span style=\"color: #99cc00;\"><a style=\"color: #99cc00;\" href=\"http:\/\/www.hvv.de\/\" target=\"_blank\" rel=\"noopener\">HVV<\/a><\/span><\/strong>.<\/li>\n<li>Von Mellendorf bis Hannover Hbf finden die Bestimmungen des <span style=\"color: #99cc00;\"><a style=\"color: #99cc00;\" href=\"http:\/\/www.uestra.de\"><strong>\u00dcSTRA Verkehrsverbundes<\/strong><\/a> <\/span>Anwendung.<\/li>\n<li>F\u00fcr alle Fahrten au\u00dferhalb der Verbundgrenzen gilt der <strong><span style=\"color: #99cc00;\"><a style=\"color: #99cc00;\" href=\"http:\/\/www.niedersachsentarif.de\" target=\"_blank\" rel=\"noopener\">Niedersachsentarif<\/a><\/span><\/strong>.<\/li>\n<\/ul>\n<p>[\/deutb_generalheading][deutb_generalheading title=&#8221;F\u00fcr die Linien RB 77 und RB 79&#8243; grey_background=&#8221;No&#8221;]<strong>RB 77 &amp; RB 79<\/strong><\/p>\n<p>Auf der RB 77 \u201eWeserbahn\u201c zwischen B\u00fcnde und Hildesheim sowie auf der RB 79 \u201eLammetalbahn\u201c zwischen Hildesheim und Bodenburg gelten die Tarife verschiedener Verkehrsverb\u00fcnde:<\/p>\n<ul>\n<li>Auf der RB 77 gilt im Abschnitt B\u00fcnde bis Rinteln der <span style=\"color: #99cc00;\"><strong><a style=\"color: #99cc00;\" href=\"http:\/\/teutoowl.de\/owlv\/\" target=\"_blank\" rel=\"noopener\">Westfalentarif<\/a><\/strong>.<\/span><\/li>\n<li>F\u00fcr Fahrten auf der RB 79 zwischen Hildesheim und Bodenburg gilt grunds\u00e4tzlich der <strong><span style=\"color: #99cc00;\"><a style=\"color: #99cc00;\" href=\"http:\/\/www.niedersachsentarif.de\/nahverkehr-vor-ort\" target=\"_blank\" rel=\"noopener\">Niedersachsentarif mit der dazugeh\u00f6rigen Anschlussmobilit\u00e4t<\/a><\/span><\/strong>.<\/li>\n<li>F\u00fcr Fahrg\u00e4ste, die in diesem Gebiet Bahn und Bus in Kombination nutzen und dabei \u00fcber die Stadtgrenze von Bad Salzdetfurth oder Hildesheim hinaus fahren gilt der <strong><span style=\"color: #99cc00;\"><a style=\"color: #99cc00;\" href=\"http:\/\/www.rosa-hildesheim.de\" target=\"_blank\" rel=\"noopener\">ROSA-Tarif<\/a><\/span><\/strong>.<\/li>\n<li>F\u00fcr alle Fahrten au\u00dferhalb der Verbundgrenzen gelten: In Nordrhein-Westfalen der <strong><span style=\"color: #99cc00;\"><a style=\"color: #99cc00;\" href=\"https:\/\/www.mobil.nrw\/tickets-tarife\/hintergrund-nrw-tarif\/der-nrw-tarif-im-ueberblick\/\" target=\"_blank\" rel=\"noopener\">NRW-Tarif<\/a><\/span><\/strong> und in Niedersachsen der <span style=\"color: #99cc00;\"><a style=\"color: #99cc00;\" href=\"http:\/\/www.niedersachsentarif.de\" target=\"_blank\" rel=\"noopener\"><strong>Niedersachsentarif<\/strong>.<\/a><\/span><\/li>\n<\/ul>\n<p>[\/deutb_generalheading][deutb_generalheading title=&#8221;F\u00fcr alle Linien&#8221; grey_background=&#8221;No&#8221;][\/deutb_generalheading][deutb_infotextimg image=&#8221;6166&#8243;]Neben den Verbundtickets gelten auch alle Tickets des Niedersachsentarifs und die Fahrscheine der Deutschen Bahn AG in unseren Z\u00fcgen:<\/p>\n<ul>\n<li><strong>Niedersachsentarif, u.a.:<\/strong>\n<ul>\n<li><strong><span style=\"color: #99cc00;\">\u00a0<a style=\"color: #99cc00;\" href=\"https:\/\/www.niedersachsentarif.de\/fahrkarten\/niedersachsen-ticket\" target=\"_blank\" rel=\"noopener\">Niedersachsen-Ticket<\/a><\/span><\/strong>\n<ul>\n<li>Das Ticket ist rund um die Uhr g\u00fcltig &#8211; t\u00e4glich von 0 Uhr bis 3 Uhr des Folgetages.<\/li>\n<li>Weitere Information dazu erhaltet ihr <span style=\"color: #99cc00;\"><a style=\"color: #99cc00;\" href=\"http:\/\/www.niedersachsenticket.de\/sommerferienbonus\">hier<\/a><\/span>.<\/li>\n<\/ul>\n<\/li>\n<li><strong><span style=\"color: #99cc00;\"><a style=\"color: #99cc00;\" href=\"https:\/\/www.niedersachsentarif.de\/fahrkarten\/u21freizeitkarte-niedersachsen\" target=\"_blank\" rel=\"noopener\">U21Freizeitkarte Niedersachsen<\/a><\/span><\/strong><\/li>\n<li><strong><span style=\"color: #99cc00;\"><a style=\"color: #99cc00;\" href=\"https:\/\/www.niedersachsentarif.de\/fahrkarten\/spar-ticket\" target=\"_blank\" rel=\"noopener\">Spar-Ticket<\/a><\/span><\/strong><\/li>\n<li>Normalpreis<\/li>\n<li>Zeitkarten<\/li>\n<li>Deutschlandsemesterticket f\u00fcr Studierende in Niedersachsen und Bremen &#8211; mehr Infos gibt es <span style=\"color: #99cc00;\"><a style=\"color: #99cc00;\" href=\"http:\/\/www.dein-semesterticket.de\">hier<\/a><\/span>.<\/li>\n<\/ul>\n<\/li>\n<li><strong>DB-Fahrscheine, z. B.:<\/strong>\n<ul>\n<li>Normalpreis<\/li>\n<li><span style=\"color: #99cc00;\"><a style=\"color: #99cc00;\" href=\"https:\/\/regional.bahn.de\/tickets\/quer-durchs-land-ticket\" target=\"_blank\" rel=\"noopener\">Quer-durchs-Land-Ticket<\/a><\/span><\/li>\n<li>Gruppe &amp; Spar 50<\/li>\n<li>Zeitkarten<\/li>\n<li>BahnCard 100 sowie die Verg\u00fcnstigungen der BahnCard 25 und 50<\/li>\n<\/ul>\n<\/li>\n<\/ul>\n<p>[\/deutb_infotextimg][vc_video link=&#8221;https:\/\/www.youtube.com\/watch?v=QGM24uZnBZ4&#8243;][deutb_infotextimg image=&#8221;4315&#8243;]<\/p>\n<h1><strong>DEUTSCHLANDTICKET<\/strong><\/h1>\n<p>Das Deutschland-Ticket ist da. Ein Ticket &#8211; bequem durch ganz Deutschland. Mit dem Deutschland-Ticket kannst du ab sofort f\u00fcr nur 58 \u20ac pro Monat unkompliziert in allen Verkehrsmitteln des \u00f6ffentlichen Nahverkehrs reisen.<br \/>\nWir beantworten eure h\u00e4ufig gestellten Fragen dazu <span style=\"color: #99cc00;\"><a style=\"color: #99cc00;\" href=\"https:\/\/regional.bahn.de\/regionen\/niedersachsen-bremen\/tickets\/Deutschlandticket3\"><strong>hier<\/strong><\/a><\/span>.<\/p>\n<p><strong>Du hast viele M\u00f6glichkeiten, das D-Ticket zu kaufen. Wir z\u00e4hlen alle in deinem Einzugsgebiet auf.<\/strong><\/p>\n<p>Du kannst das Ticket \u00fcber die DB-Vertriebskan\u00e4le unter anderem <span style=\"color: #99cc00;\"><a style=\"color: #99cc00;\" href=\"http:\/\/www.bahn.de\"><strong>bahn.de<\/strong><\/a><\/span>, dem <span style=\"color: #99cc00;\"><a style=\"color: #99cc00;\" href=\"https:\/\/www.bahn.de\/service\/mobile\/db-navigator\"><strong>DB Navigator<\/strong><\/a><\/span> sowie in allen<span style=\"color: #99cc00;\"><a style=\"color: #99cc00;\" href=\"https:\/\/www.bahn.de\/service\/buchung\/wege_zur_fahrkarte\/verkaufsstellenfinder\"><strong> DB Reisezentren<\/strong><\/a><\/span> erwerben.<br \/>\nDu hast aber auch die M\u00f6glichkeit das D-Ticket \u00fcber andere Kan\u00e4le zu erwerben. Unter anderen sind das die <span style=\"color: #99cc00;\"><a style=\"color: #99cc00;\" href=\"https:\/\/www.vbn.de\/service\/fahrplaner-app\/\"><strong>Fahrplaner App<\/strong><\/a><\/span>, auf der <span style=\"color: #99cc00;\"><a style=\"color: #99cc00;\" href=\"https:\/\/www.uestra.de\/fahrkarten-preise\/deutschland-ticket\/\"><strong>\u00dcSTRA Webseite, <\/strong><\/a><\/span><span style=\"color: #99cc00;\">\u00a0<a style=\"color: #99cc00;\" href=\"http:\/\/bahn.de\/wt\"><strong><span style=\"color: #99cc00;\">bahn.de\/wt<\/span> <\/strong><\/a><\/span>oder bei der<span style=\"color: #99cc00;\"> <a style=\"color: #99cc00;\" href=\"https:\/\/abo-nitag.de\/\"><strong>NITAG<\/strong><\/a>.<\/span>[\/deutb_infotextimg][\/vc_column][\/vc_row][vc_row][vc_column][\/vc_column][\/vc_row]<\/p>\n","protected":false},"excerpt":{"rendered":"<p>[vc_row][vc_column][deutb_generalheading title=&#8221;Fahrkarten:&#8221; grey_background=&#8221;No&#8221;]Egal, wann und wohin du mit uns unterwegs bist, wir bieten dir immer das passende Ticket f\u00fcr deine [&hellip;]<\/p>\n","protected":false},"author":1,"featured_media":1720,"parent":1880,"menu_order":0,"comment_status":"closed","ping_status":"closed","template":"template-main.php","meta":{"_acf_changed":false,"footnotes":"","_links_to":"","_links_to_target":""},"class_list":["post-2022","page","type-page","status-publish","has-post-thumbnail","hentry"],"acf":[],"_links":{"self":[{"href":"https:\/\/start-ni-mitte.de\/en\/wp-json\/wp\/v2\/pages\/2022","targetHints":{"allow":["GET"]}}],"collection":[{"href":"https:\/\/start-ni-mitte.de\/en\/wp-json\/wp\/v2\/pages"}],"about":[{"href":"https:\/\/start-ni-mitte.de\/en\/wp-json\/wp\/v2\/types\/page"}],"author":[{"embeddable":true,"href":"https:\/\/start-ni-mitte.de\/en\/wp-json\/wp\/v2\/users\/1"}],"replies":[{"embeddable":true,"href":"https:\/\/start-ni-mitte.de\/en\/wp-json\/wp\/v2\/comments?post=2022"}],"version-history":[{"count":9,"href":"https:\/\/start-ni-mitte.de\/en\/wp-json\/wp\/v2\/pages\/2022\/revisions"}],"predecessor-version":[{"id":8752,"href":"https:\/\/start-ni-mitte.de\/en\/wp-json\/wp\/v2\/pages\/2022\/revisions\/8752"}],"up":[{"embeddable":true,"href":"https:\/\/start-ni-mitte.de\/en\/wp-json\/wp\/v2\/pages\/1880"}],"wp:featuredmedia":[{"embeddable":true,"href":"https:\/\/start-ni-mitte.de\/en\/wp-json\/wp\/v2\/media\/1720"}],"wp:attachment":[{"href":"https:\/\/start-ni-mitte.de\/en\/wp-json\/wp\/v2\/media?parent=2022"}],"curies":[{"name":"wp","href":"https:\/\/api.w.org\/{rel}","templated":true}]}}